{"id":9746,"date":"2024-03-14T10:15:47","date_gmt":"2024-03-14T10:15:47","guid":{"rendered":"https:\/\/myflow.io\/?page_id=9746"},"modified":"2025-11-17T09:55:53","modified_gmt":"2025-11-17T09:55:53","slug":"faq","status":"publish","type":"page","link":"https:\/\/myflow.io\/nb\/faq\/","title":{"rendered":"VANLIGE SP\u00d8RSM\u00c5L"},"content":{"rendered":"<div data-elementor-type=\"wp-page\" data-elementor-id=\"9746\" class=\"elementor elementor-9746\" data-elementor-post-type=\"page\">\n\t\t\t\t<div class=\"elementor-element elementor-element-a280905 e-flex e-con-boxed e-con e-parent\" data-id=\"a280905\" data-element_type=\"container\" data-e-type=\"container\">\n\t\t\t\t\t<div class=\"e-con-inner\">\n\t\t<div class=\"elementor-element elementor-element-06e7d05 e-con-full e-flex e-con e-child\" data-id=\"06e7d05\" data-element_type=\"container\" data-e-type=\"container\">\n\t\t<div class=\"elementor-element elementor-element-daedd4f e-flex e-con-boxed e-con e-child\" data-id=\"daedd4f\" data-element_type=\"container\" data-e-type=\"container\">\n\t\t\t\t\t<div class=\"e-con-inner\">\n\t\t\t\t<div class=\"elementor-element elementor-element-51d8efa elementor-invisible elementor-widget elementor-widget-heading\" data-id=\"51d8efa\" data-element_type=\"widget\" data-e-type=\"widget\" data-settings=\"{&quot;_animation&quot;:&quot;fadeInDown&quot;,&quot;_animation_delay&quot;:100}\" data-widget_type=\"heading.default\">\n\t\t\t\t<div class=\"elementor-widget-container\">\n\t\t\t\t\t<h2 class=\"elementor-heading-title elementor-size-default\">VANLIGE SP\u00d8RSM\u00c5L<\/h2>\t\t\t\t<\/div>\n\t\t\t\t<\/div>\n\t\t\t\t<div class=\"elementor-element elementor-element-325009d elementor-widget__width-initial elementor-invisible elementor-widget elementor-widget-heading\" data-id=\"325009d\" data-element_type=\"widget\" data-e-type=\"widget\" data-settings=\"{&quot;_animation&quot;:&quot;fadeIn&quot;,&quot;_animation_delay&quot;:100}\" data-widget_type=\"heading.default\">\n\t\t\t\t<div class=\"elementor-widget-container\">\n\t\t\t\t\t<h2 class=\"elementor-heading-title elementor-size-default\">Ofte stilte sp\u00f8rsm\u00e5l<\/h2>\t\t\t\t<\/div>\n\t\t\t\t<\/div>\n\t\t\t\t<div class=\"elementor-element elementor-element-8cd29c1 elementor-widget elementor-widget-n-accordion\" data-id=\"8cd29c1\" data-element_type=\"widget\" data-e-type=\"widget\" data-settings=\"{&quot;default_state&quot;:&quot;all_collapsed&quot;,&quot;max_items_expended&quot;:&quot;multiple&quot;,&quot;n_accordion_animation_duration&quot;:{&quot;unit&quot;:&quot;ms&quot;,&quot;size&quot;:400,&quot;sizes&quot;:[]}}\" data-widget_type=\"nested-accordion.default\">\n\t\t\t\t<div class=\"elementor-widget-container\">\n\t\t\t\t\t\t\t<div class=\"e-n-accordion\" aria-label=\"Trekkspill. \u00c5pne lenker med Enter eller Space, lukk med Escape, og naviger med piltastene\">\n\t\t\t\t\t\t<details id=\"e-n-accordion-item-1470\" class=\"e-n-accordion-item\" >\n\t\t\t\t<summary class=\"e-n-accordion-item-title\" data-accordion-index=\"1\" tabindex=\"0\" aria-expanded=\"false\" aria-controls=\"e-n-accordion-item-1470\" >\n\t\t\t\t\t<span class='e-n-accordion-item-title-header'><div class=\"e-n-accordion-item-title-text\"> Hvem er myflow for? <\/div><\/span>\n\t\t\t\t\t\t\t<span class='e-n-accordion-item-title-icon'>\n\t\t\t<span class='e-opened' ><i aria-hidden=\"true\" class=\"far fa-chevron-up\"><\/i><\/span>\n\t\t\t<span class='e-closed'><i aria-hidden=\"true\" class=\"fal fa-chevron-down\"><\/i><\/span>\n\t\t<\/span>\n\n\t\t\t\t\t\t<\/summary>\n\t\t\t\t<div role=\"region\" aria-labelledby=\"e-n-accordion-item-1470\" class=\"elementor-element elementor-element-30128eb e-con-full e-flex e-con e-child\" data-id=\"30128eb\" data-element_type=\"container\" data-e-type=\"container\" data-settings=\"{&quot;background_background&quot;:&quot;classic&quot;}\">\n\t\t\t\t<div class=\"elementor-element elementor-element-77092ec elementor-widget__width-initial elementor-widget-mobile__width-initial elementor-invisible elementor-widget elementor-widget-text-editor\" data-id=\"77092ec\" data-element_type=\"widget\" data-e-type=\"widget\" data-settings=\"{&quot;_animation&quot;:&quot;fadeIn&quot;,&quot;_animation_delay&quot;:200}\" data-widget_type=\"text-editor.default\">\n\t\t\t\t<div class=\"elementor-widget-container\">\n\t\t\t\t\t\t\t\t\t<p>myflow er en alt-i-ett-plattform <span style=\"font-weight: 400;\">for solopreneurer og sm\u00e5 team<\/span>. Et system - <strong>for \u00e5 hjelpe deg med \u00e5 f\u00e5 mer flyt i virksomheten din.<\/strong><\/p>\t\t\t\t\t\t\t\t<\/div>\n\t\t\t\t<\/div>\n\t\t\t\t<\/div>\n\t\t\t\t\t<\/details>\n\t\t\t\t\t\t<details id=\"e-n-accordion-item-1471\" class=\"e-n-accordion-item\" >\n\t\t\t\t<summary class=\"e-n-accordion-item-title\" data-accordion-index=\"2\" tabindex=\"-1\" aria-expanded=\"false\" aria-controls=\"e-n-accordion-item-1471\" >\n\t\t\t\t\t<span class='e-n-accordion-item-title-header'><div class=\"e-n-accordion-item-title-text\"> Kan jeg bruke myflow i mitt land? <\/div><\/span>\n\t\t\t\t\t\t\t<span class='e-n-accordion-item-title-icon'>\n\t\t\t<span class='e-opened' ><i aria-hidden=\"true\" class=\"far fa-chevron-up\"><\/i><\/span>\n\t\t\t<span class='e-closed'><i aria-hidden=\"true\" class=\"fal fa-chevron-down\"><\/i><\/span>\n\t\t<\/span>\n\n\t\t\t\t\t\t<\/summary>\n\t\t\t\t<div role=\"region\" aria-labelledby=\"e-n-accordion-item-1471\" class=\"elementor-element elementor-element-bd29c06 e-con-full e-flex e-con e-child\" data-id=\"bd29c06\" data-element_type=\"container\" data-e-type=\"container\" data-settings=\"{&quot;background_background&quot;:&quot;classic&quot;}\">\n\t\t\t\t<div class=\"elementor-element elementor-element-b517bcd elementor-widget__width-initial elementor-widget-mobile__width-initial elementor-invisible elementor-widget elementor-widget-text-editor\" data-id=\"b517bcd\" data-element_type=\"widget\" data-e-type=\"widget\" data-settings=\"{&quot;_animation&quot;:&quot;fadeIn&quot;,&quot;_animation_delay&quot;:200}\" data-widget_type=\"text-editor.default\">\n\t\t\t\t<div class=\"elementor-widget-container\">\n\t\t\t\t\t\t\t\t\t<p>Sannsynligvis! myflow er tilgjengelig i mer enn 170 land over hele verden.<br \/>*Integrasjoner og betalingsalternativer kan variere fra region til region.<\/p>\t\t\t\t\t\t\t\t<\/div>\n\t\t\t\t<\/div>\n\t\t\t\t<\/div>\n\t\t\t\t\t<\/details>\n\t\t\t\t\t\t<details id=\"e-n-accordion-item-1472\" class=\"e-n-accordion-item\" >\n\t\t\t\t<summary class=\"e-n-accordion-item-title\" data-accordion-index=\"3\" tabindex=\"-1\" aria-expanded=\"false\" aria-controls=\"e-n-accordion-item-1472\" >\n\t\t\t\t\t<span class='e-n-accordion-item-title-header'><div class=\"e-n-accordion-item-title-text\"> Hva koster myflow? <\/div><\/span>\n\t\t\t\t\t\t\t<span class='e-n-accordion-item-title-icon'>\n\t\t\t<span class='e-opened' ><i aria-hidden=\"true\" class=\"far fa-chevron-up\"><\/i><\/span>\n\t\t\t<span class='e-closed'><i aria-hidden=\"true\" class=\"fal fa-chevron-down\"><\/i><\/span>\n\t\t<\/span>\n\n\t\t\t\t\t\t<\/summary>\n\t\t\t\t<div role=\"region\" aria-labelledby=\"e-n-accordion-item-1472\" class=\"elementor-element elementor-element-6561116 e-con-full e-flex e-con e-child\" data-id=\"6561116\" data-element_type=\"container\" data-e-type=\"container\" data-settings=\"{&quot;background_background&quot;:&quot;classic&quot;}\">\n\t\t\t\t<div class=\"elementor-element elementor-element-7a1639f elementor-widget__width-initial elementor-widget-mobile__width-initial elementor-invisible elementor-widget elementor-widget-text-editor\" data-id=\"7a1639f\" data-element_type=\"widget\" data-e-type=\"widget\" data-settings=\"{&quot;_animation&quot;:&quot;fadeIn&quot;,&quot;_animation_delay&quot;:200}\" data-widget_type=\"text-editor.default\">\n\t\t\t\t<div class=\"elementor-widget-container\">\n\t\t\t\t\t\t\t\t\t<p>Det finnes tre alternativer for bruk av myflow: Den <b>Grunnleggende<\/b> abonnementet er genialt til \u00e5 begynne med, og hvis du virkelig \u00f8nsker \u00e5 f\u00e5 gjennomslag og vokse raskere, kan du oppgradere til <b>Det viktigste<\/b> eller <b>Pro<\/b>.<a href=\"https:\/\/myflow.io\/nb\/pricing\/\"> Se prislisten her.<\/a><\/p>\t\t\t\t\t\t\t\t<\/div>\n\t\t\t\t<\/div>\n\t\t\t\t<\/div>\n\t\t\t\t\t<\/details>\n\t\t\t\t\t\t<details id=\"e-n-accordion-item-1473\" class=\"e-n-accordion-item\" >\n\t\t\t\t<summary class=\"e-n-accordion-item-title\" data-accordion-index=\"4\" tabindex=\"-1\" aria-expanded=\"false\" aria-controls=\"e-n-accordion-item-1473\" >\n\t\t\t\t\t<span class='e-n-accordion-item-title-header'><div class=\"e-n-accordion-item-title-text\"> Hvilke betalingsm\u00e5ter godtar dere? <\/div><\/span>\n\t\t\t\t\t\t\t<span class='e-n-accordion-item-title-icon'>\n\t\t\t<span class='e-opened' ><i aria-hidden=\"true\" class=\"far fa-chevron-up\"><\/i><\/span>\n\t\t\t<span class='e-closed'><i aria-hidden=\"true\" class=\"fal fa-chevron-down\"><\/i><\/span>\n\t\t<\/span>\n\n\t\t\t\t\t\t<\/summary>\n\t\t\t\t<div role=\"region\" aria-labelledby=\"e-n-accordion-item-1473\" class=\"elementor-element elementor-element-18037d9 e-con-full e-flex e-con e-child\" data-id=\"18037d9\" data-element_type=\"container\" data-e-type=\"container\" data-settings=\"{&quot;background_background&quot;:&quot;classic&quot;}\">\n\t\t\t\t<div class=\"elementor-element elementor-element-792a9bd elementor-widget__width-initial elementor-widget-mobile__width-initial elementor-invisible elementor-widget elementor-widget-text-editor\" data-id=\"792a9bd\" data-element_type=\"widget\" data-e-type=\"widget\" data-settings=\"{&quot;_animation&quot;:&quot;fadeIn&quot;,&quot;_animation_delay&quot;:200}\" data-widget_type=\"text-editor.default\">\n\t\t\t\t<div class=\"elementor-widget-container\">\n\t\t\t\t\t\t\t\t\t<p>Vi godtar kreditt- og debetkort, samt fakturabetaling. *Integrasjoner og betalingsalternativer kan variere fra region til region.<\/p>\t\t\t\t\t\t\t\t<\/div>\n\t\t\t\t<\/div>\n\t\t\t\t<\/div>\n\t\t\t\t\t<\/details>\n\t\t\t\t\t\t<details id=\"e-n-accordion-item-1474\" class=\"e-n-accordion-item\" >\n\t\t\t\t<summary class=\"e-n-accordion-item-title\" data-accordion-index=\"5\" tabindex=\"-1\" aria-expanded=\"false\" aria-controls=\"e-n-accordion-item-1474\" >\n\t\t\t\t\t<span class='e-n-accordion-item-title-header'><div class=\"e-n-accordion-item-title-text\"> Hvilket niv\u00e5 av teknisk st\u00f8tte er inkludert i abonnementet? <\/div><\/span>\n\t\t\t\t\t\t\t<span class='e-n-accordion-item-title-icon'>\n\t\t\t<span class='e-opened' ><i aria-hidden=\"true\" class=\"far fa-chevron-up\"><\/i><\/span>\n\t\t\t<span class='e-closed'><i aria-hidden=\"true\" class=\"fal fa-chevron-down\"><\/i><\/span>\n\t\t<\/span>\n\n\t\t\t\t\t\t<\/summary>\n\t\t\t\t<div role=\"region\" aria-labelledby=\"e-n-accordion-item-1474\" class=\"elementor-element elementor-element-1150b66 e-con-full e-flex e-con e-child\" data-id=\"1150b66\" data-element_type=\"container\" data-e-type=\"container\" data-settings=\"{&quot;background_background&quot;:&quot;classic&quot;}\">\n\t\t\t\t<div class=\"elementor-element elementor-element-cfff3eb elementor-widget__width-initial elementor-widget-mobile__width-initial elementor-invisible elementor-widget elementor-widget-text-editor\" data-id=\"cfff3eb\" data-element_type=\"widget\" data-e-type=\"widget\" data-settings=\"{&quot;_animation&quot;:&quot;fadeIn&quot;,&quot;_animation_delay&quot;:200}\" data-widget_type=\"text-editor.default\">\n\t\t\t\t<div class=\"elementor-widget-container\">\n\t\t\t\t\t\t\t\t\t<p>Vi er her for \u00e5 hjelpe deg! V\u00e5r live chat og e-post er alltid \u00e5pen for deg. Bare send oss en melding hvis du har problemer, s\u00e5 hjelper vi deg.<\/p>\t\t\t\t\t\t\t\t<\/div>\n\t\t\t\t<\/div>\n\t\t\t\t<\/div>\n\t\t\t\t\t<\/details>\n\t\t\t\t\t<\/div>\n\t\t\t\t\t\t<\/div>\n\t\t\t\t<\/div>\n\t\t\t\t\t<\/div>\n\t\t\t\t<\/div>\n\t\t\t\t<\/div>\n\t\t\t\t\t<\/div>\n\t\t\t\t<\/div>\n\t\t<div class=\"elementor-element elementor-element-567aa77 e-flex e-con-boxed e-con e-parent\" data-id=\"567aa77\" data-element_type=\"container\" data-e-type=\"container\" data-settings=\"{&quot;background_background&quot;:&quot;classic&quot;}\">\n\t\t\t\t\t<div class=\"e-con-inner\">\n\t\t<div class=\"elementor-element elementor-element-3fa6748 e-con-full e-flex e-con e-child\" data-id=\"3fa6748\" data-element_type=\"container\" data-e-type=\"container\" data-settings=\"{&quot;background_background&quot;:&quot;classic&quot;}\">\n\t\t\t\t<div class=\"elementor-element elementor-element-3b2c74a elementor-hidden-tablet elementor-hidden-mobile elementor-view-default elementor-invisible elementor-widget elementor-widget-icon\" data-id=\"3b2c74a\" data-element_type=\"widget\" data-e-type=\"widget\" data-settings=\"{&quot;_animation&quot;:&quot;zoomIn&quot;}\" data-widget_type=\"icon.default\">\n\t\t\t\t<div class=\"elementor-widget-container\">\n\t\t\t\t\t\t\t<div class=\"elementor-icon-wrapper\">\n\t\t\t<div class=\"elementor-icon\">\n\t\t\t<svg xmlns=\"http:\/\/www.w3.org\/2000\/svg\" id=\"Layer_2\" viewbox=\"0 0 88.37 75.17\"><defs><style>.cls-1{fill:#7814d7;stroke-width:0px;}<\/style><\/defs><g id=\"Layer_1-2\"><path class=\"cls-1\" d=\"M48.3,21c-2.73-3.93-4.81-6.34-6.15-7.73,0,0,0,0,.01,0,1.89,1.89,4.16,4.62,6.07,7.61.02.04.04.07.07.11Z\"><\/path><path class=\"cls-1\" d=\"M41.74,12.85c-.23-.22-.45-.42-.67-.62.29.25.52.46.67.62Z\"><\/path><path class=\"cls-1\" d=\"M53.42,17.44c-1.86-2.67-3.46-4.72-4.77-6.26.01,0,.03-.02.04-.03,1.68,1.93,3.35,4.13,4.73,6.29Z\"><\/path><path class=\"cls-1\" d=\"M41.89,13.01s0,0-.01,0c.08.09.17.18.26.26-.08-.09-.17-.17-.25-.25Z\"><\/path><path class=\"cls-1\" d=\"M86.52,16.75c-2.52-6.35-7.3-11.43-13.44-14.31-13.3-6.23-24.77,1.05-28.89,4.28-.17-.14-.36-.28-.55-.42C38.28,2.29,27.26-3.16,15.29,2.44c-6.15,2.88-10.92,7.96-13.44,14.31-6.22,15.67,5.18,27.45,5.68,27.95.15.15,15.46,15.5,22.2,22.17,4.97,4.86,8.92,8.3,14.47,8.3s9.46-3.44,14.44-8.32c6.73-6.65,22.04-22.01,22.2-22.17.49-.49,11.89-12.27,5.67-27.94ZM54.27,62.41c-4.71,4.6-7.14,6.52-10.11,6.52s-5.36-1.92-10.06-6.52c-6.72-6.64-22-21.97-22.15-22.12-.09-.09-9.04-9.33-4.31-21.25,1.93-4.87,5.59-8.76,10.29-10.96,2.6-1.22,5.28-1.82,8.03-1.82,2.53,0,5.12.52,7.74,1.55,2.99,1.18,5.33,2.77,6.75,3.9.06.04.13.1.2.16.06.05.12.1.19.16.08.07.16.14.24.21.29.25.52.46.67.62l.08.08s.04.05.06.07c0,0,0,0,.01,0,.08.08.16.16.25.25,0,0,0,0,0,0,0,0,0,0,.01,0,1.89,1.89,4.16,4.62,6.07,7.61.02.04.04.07.07.11h0c1.47,2.32,2.99,4.7,5.13,6.29,1.48,1.1,3.76,2.26,6.81,2.26.79,0,1.64-.08,2.53-.25,1.69-.33,2.79-1.97,2.46-3.66-.33-1.69-1.97-2.79-3.66-2.46-1.1.21-2.75.36-4.42-.89-1.15-.86-2.2-2.43-3.65-4.73-.02-.04-.05-.08-.08-.11-1.86-2.67-3.46-4.72-4.77-6.26.01,0,.03-.02.04-.03,3.59-2.61,12.22-7.51,21.74-3.06,4.71,2.2,8.36,6.1,10.29,10.96,2.68,6.74,1.02,12.59-.97,16.43,0,0,0,0,0,0-.04.06-.08.12-.12.17-6.6,10.6-18.5,12.61-24.85,10.65-6.96-2.15-13.29-8.73-19.41-15.09-1.6-1.67-3.12-3.24-4.67-4.76-1.23-1.2-3.2-1.19-4.41.04-1.21,1.23-1.19,3.2.04,4.41,1.48,1.46,2.97,3,4.54,4.64,6.36,6.6,13.56,14.1,22.06,16.73,1.85.57,4.14.91,6.69.91,1.35,0,2.77-.1,4.23-.31-3.57,3.57-7.15,7.13-9.59,9.54Z\"><\/path><\/g><\/svg>\t\t\t<\/div>\n\t\t<\/div>\n\t\t\t\t\t\t<\/div>\n\t\t\t\t<\/div>\n\t\t\t\t<\/div>\n\t\t<div class=\"elementor-element elementor-element-13df542 e-con-full e-flex e-con e-child\" data-id=\"13df542\" data-element_type=\"container\" data-e-type=\"container\">\n\t\t<div class=\"elementor-element elementor-element-2841660 e-flex e-con-boxed e-con e-child\" data-id=\"2841660\" data-element_type=\"container\" data-e-type=\"container\">\n\t\t\t\t\t<div class=\"e-con-inner\">\n\t\t\t\t<div class=\"elementor-element elementor-element-3160c96 elementor-widget__width-initial elementor-invisible elementor-widget elementor-widget-heading\" data-id=\"3160c96\" data-element_type=\"widget\" data-e-type=\"widget\" data-settings=\"{&quot;_animation&quot;:&quot;fadeIn&quot;,&quot;_animation_delay&quot;:100}\" data-widget_type=\"heading.default\">\n\t\t\t\t<div class=\"elementor-widget-container\">\n\t\t\t\t\t<h2 class=\"elementor-heading-title elementor-size-default\">Om myflow<\/h2>\t\t\t\t<\/div>\n\t\t\t\t<\/div>\n\t\t\t\t\t<\/div>\n\t\t\t\t<\/div>\n\t\t\t\t<div class=\"elementor-element elementor-element-653ab1f elementor-widget__width-initial elementor-invisible elementor-widget elementor-widget-text-editor\" data-id=\"653ab1f\" data-element_type=\"widget\" data-e-type=\"widget\" data-settings=\"{&quot;_animation&quot;:&quot;fadeIn&quot;,&quot;_animation_delay&quot;:200}\" data-widget_type=\"text-editor.default\">\n\t\t\t\t<div class=\"elementor-widget-container\">\n\t\t\t\t\t\t\t\t\t<p><span style=\"font-weight: 400;\">Alt-i-ett-plattformen for solopreneurer og sm\u00e5 team som \u00f8nsker \u00e5 forenkle og utvide virksomheten med enkel teknologi.<\/span><\/p>\t\t\t\t\t\t\t\t<\/div>\n\t\t\t\t<\/div>\n\t\t\t\t<div class=\"elementor-element elementor-element-684bb47 elementor-widget__width-auto elementor-mobile-align-justify elementor-widget-mobile__width-initial elementor-invisible elementor-widget elementor-widget-button\" data-id=\"684bb47\" data-element_type=\"widget\" data-e-type=\"widget\" data-settings=\"{&quot;_animation&quot;:&quot;fadeIn&quot;,&quot;_animation_delay&quot;:400}\" data-widget_type=\"button.default\">\n\t\t\t\t<div class=\"elementor-widget-container\">\n\t\t\t\t\t\t\t\t\t<div class=\"elementor-button-wrapper\">\n\t\t\t\t\t<a class=\"elementor-button elementor-button-link elementor-size-sm\" href=\"https:\/\/myflow.io\/nb\/team\/\">\n\t\t\t\t\t\t<span class=\"elementor-button-content-wrapper\">\n\t\t\t\t\t\t\t\t\t<span class=\"elementor-button-text\">Les om myflow<\/span>\n\t\t\t\t\t<\/span>\n\t\t\t\t\t<\/a>\n\t\t\t\t<\/div>\n\t\t\t\t\t\t\t\t<\/div>\n\t\t\t\t<\/div>\n\t\t\t\t<\/div>\n\t\t\t\t\t<\/div>\n\t\t\t\t<\/div>\n\t\t\t\t<\/div>","protected":false},"excerpt":{"rendered":"<p>FAQ Frequently asked questions Who is myflow for? myflow is the all-in-one platform for solopreneurs and small teams. A system \u2013 to help you get more flow in your business. Can I use myflow in my country? Probably! myflow is available in 170+ countries world-wide.*Integrations and payment options may differ between regions. What does myflow [&hellip;]<\/p>\n","protected":false},"author":1,"featured_media":0,"parent":0,"menu_order":0,"comment_status":"closed","ping_status":"closed","template":"elementor_header_footer","meta":{"footnotes":""},"class_list":["post-9746","page","type-page","status-publish","hentry"],"yoast_head":"<!-- This site is optimized with the Yoast SEO plugin v27.0 - https:\/\/yoast.com\/product\/yoast-seo-wordpress\/ -->\n<title>FAQ - myflow<\/title>\n<meta name=\"description\" content=\"The toolbox you deserve is finally here. All in one place, not all over the place. Engage, manage, monetize \u2013 and grow. All at myflow.\" \/>\n<meta name=\"robots\" content=\"index, follow, max-snippet:-1, max-image-preview:large, max-video-preview:-1\" \/>\n<link rel=\"canonical\" href=\"https:\/\/myflow.io\/nb\/faq\/\" \/>\n<meta property=\"og:locale\" content=\"nb_NO\" \/>\n<meta property=\"og:type\" content=\"article\" \/>\n<meta property=\"og:title\" content=\"FAQ - myflow\" \/>\n<meta property=\"og:description\" content=\"The toolbox you deserve is finally here. All in one place, not all over the place. Engage, manage, monetize \u2013 and grow. All at myflow.\" \/>\n<meta property=\"og:url\" content=\"https:\/\/myflow.io\/nb\/faq\/\" \/>\n<meta property=\"og:site_name\" content=\"myflow\" \/>\n<meta property=\"article:modified_time\" content=\"2025-11-17T09:55:53+00:00\" \/>\n<meta name=\"twitter:card\" content=\"summary_large_image\" \/>\n<meta name=\"twitter:label1\" content=\"Ansl. lesetid\" \/>\n\t<meta name=\"twitter:data1\" content=\"2 minutter\" \/>\n<script type=\"application\/ld+json\" class=\"yoast-schema-graph\">{\"@context\":\"https:\/\/schema.org\",\"@graph\":[{\"@type\":\"WebPage\",\"@id\":\"https:\/\/myflow.io\/faq\/\",\"url\":\"https:\/\/myflow.io\/faq\/\",\"name\":\"FAQ - myflow\",\"isPartOf\":{\"@id\":\"https:\/\/myflow.io\/#website\"},\"datePublished\":\"2024-03-14T10:15:47+00:00\",\"dateModified\":\"2025-11-17T09:55:53+00:00\",\"description\":\"The toolbox you deserve is finally here. All in one place, not all over the place. Engage, manage, monetize \u2013 and grow. All at myflow.\",\"breadcrumb\":{\"@id\":\"https:\/\/myflow.io\/faq\/#breadcrumb\"},\"inLanguage\":\"nb-NO\",\"potentialAction\":[{\"@type\":\"ReadAction\",\"target\":[\"https:\/\/myflow.io\/faq\/\"]}]},{\"@type\":\"BreadcrumbList\",\"@id\":\"https:\/\/myflow.io\/faq\/#breadcrumb\",\"itemListElement\":[{\"@type\":\"ListItem\",\"position\":1,\"name\":\"Home\",\"item\":\"https:\/\/myflow.io\/\"},{\"@type\":\"ListItem\",\"position\":2,\"name\":\"FAQ\"}]},{\"@type\":\"WebSite\",\"@id\":\"https:\/\/myflow.io\/#website\",\"url\":\"https:\/\/myflow.io\/\",\"name\":\"myflow\",\"description\":\"\",\"publisher\":{\"@id\":\"https:\/\/myflow.io\/#organization\"},\"potentialAction\":[{\"@type\":\"SearchAction\",\"target\":{\"@type\":\"EntryPoint\",\"urlTemplate\":\"https:\/\/myflow.io\/?s={search_term_string}\"},\"query-input\":{\"@type\":\"PropertyValueSpecification\",\"valueRequired\":true,\"valueName\":\"search_term_string\"}}],\"inLanguage\":\"nb-NO\"},{\"@type\":\"Organization\",\"@id\":\"https:\/\/myflow.io\/#organization\",\"name\":\"myflow\",\"url\":\"https:\/\/myflow.io\/\",\"logo\":{\"@type\":\"ImageObject\",\"inLanguage\":\"nb-NO\",\"@id\":\"https:\/\/myflow.io\/#\/schema\/logo\/image\/\",\"url\":\"https:\/\/myflow.io\/wp-content\/uploads\/2024\/03\/Asset-18.svg\",\"contentUrl\":\"https:\/\/myflow.io\/wp-content\/uploads\/2024\/03\/Asset-18.svg\",\"width\":88,\"height\":75,\"caption\":\"myflow\"},\"image\":{\"@id\":\"https:\/\/myflow.io\/#\/schema\/logo\/image\/\"}}]}<\/script>\n<!-- \/ Yoast SEO plugin. -->","yoast_head_json":{"title":"FAQ - myflow","description":"Verkt\u00f8ykassen du fortjener er endelig her. Alt p\u00e5 ett sted, ikke over alt. Engasjer, administrer, tjen penger - og voks. Alt p\u00e5 myflow.","robots":{"index":"index","follow":"follow","max-snippet":"max-snippet:-1","max-image-preview":"max-image-preview:large","max-video-preview":"max-video-preview:-1"},"canonical":"https:\/\/myflow.io\/nb\/faq\/","og_locale":"nb_NO","og_type":"article","og_title":"FAQ - myflow","og_description":"The toolbox you deserve is finally here. All in one place, not all over the place. Engage, manage, monetize \u2013 and grow. All at myflow.","og_url":"https:\/\/myflow.io\/nb\/faq\/","og_site_name":"myflow","article_modified_time":"2025-11-17T09:55:53+00:00","twitter_card":"summary_large_image","twitter_misc":{"Ansl. lesetid":"2 minutter"},"schema":{"@context":"https:\/\/schema.org","@graph":[{"@type":"WebPage","@id":"https:\/\/myflow.io\/faq\/","url":"https:\/\/myflow.io\/faq\/","name":"FAQ - myflow","isPartOf":{"@id":"https:\/\/myflow.io\/#website"},"datePublished":"2024-03-14T10:15:47+00:00","dateModified":"2025-11-17T09:55:53+00:00","description":"Verkt\u00f8ykassen du fortjener er endelig her. Alt p\u00e5 ett sted, ikke over alt. Engasjer, administrer, tjen penger - og voks. Alt p\u00e5 myflow.","breadcrumb":{"@id":"https:\/\/myflow.io\/faq\/#breadcrumb"},"inLanguage":"nb-NO","potentialAction":[{"@type":"ReadAction","target":["https:\/\/myflow.io\/faq\/"]}]},{"@type":"BreadcrumbList","@id":"https:\/\/myflow.io\/faq\/#breadcrumb","itemListElement":[{"@type":"ListItem","position":1,"name":"Home","item":"https:\/\/myflow.io\/"},{"@type":"ListItem","position":2,"name":"FAQ"}]},{"@type":"WebSite","@id":"https:\/\/myflow.io\/#website","url":"https:\/\/myflow.io\/","name":"myflow","description":"","publisher":{"@id":"https:\/\/myflow.io\/#organization"},"potentialAction":[{"@type":"SearchAction","target":{"@type":"EntryPoint","urlTemplate":"https:\/\/myflow.io\/?s={search_term_string}"},"query-input":{"@type":"PropertyValueSpecification","valueRequired":true,"valueName":"search_term_string"}}],"inLanguage":"nb-NO"},{"@type":"Organization","@id":"https:\/\/myflow.io\/#organization","name":"myflow","url":"https:\/\/myflow.io\/","logo":{"@type":"ImageObject","inLanguage":"nb-NO","@id":"https:\/\/myflow.io\/#\/schema\/logo\/image\/","url":"https:\/\/myflow.io\/wp-content\/uploads\/2024\/03\/Asset-18.svg","contentUrl":"https:\/\/myflow.io\/wp-content\/uploads\/2024\/03\/Asset-18.svg","width":88,"height":75,"caption":"myflow"},"image":{"@id":"https:\/\/myflow.io\/#\/schema\/logo\/image\/"}}]}},"_links":{"self":[{"href":"https:\/\/myflow.io\/nb\/wp-json\/wp\/v2\/pages\/9746","targetHints":{"allow":["GET"]}}],"collection":[{"href":"https:\/\/myflow.io\/nb\/wp-json\/wp\/v2\/pages"}],"about":[{"href":"https:\/\/myflow.io\/nb\/wp-json\/wp\/v2\/types\/page"}],"author":[{"embeddable":true,"href":"https:\/\/myflow.io\/nb\/wp-json\/wp\/v2\/users\/1"}],"replies":[{"embeddable":true,"href":"https:\/\/myflow.io\/nb\/wp-json\/wp\/v2\/comments?post=9746"}],"version-history":[{"count":30,"href":"https:\/\/myflow.io\/nb\/wp-json\/wp\/v2\/pages\/9746\/revisions"}],"predecessor-version":[{"id":12755,"href":"https:\/\/myflow.io\/nb\/wp-json\/wp\/v2\/pages\/9746\/revisions\/12755"}],"wp:attachment":[{"href":"https:\/\/myflow.io\/nb\/wp-json\/wp\/v2\/media?parent=9746"}],"curies":[{"name":"wp","href":"https:\/\/api.w.org\/{rel}","templated":true}]}}